{"id":5777,"date":"2017-08-14T14:29:18","date_gmt":"2017-08-14T12:29:18","guid":{"rendered":"https:\/\/eoidna.educacion.navarra.es\/?page_id=5777"},"modified":"2024-09-26T08:55:47","modified_gmt":"2024-09-26T06:55:47","slug":"exam-prep-online","status":"publish","type":"page","link":"https:\/\/eoidna.educacion.navarra.es\/eu\/ingelesa\/exam-prep-online\/","title":{"rendered":"Exam prep online"},"content":{"rendered":"<div class=\"wpb-content-wrapper\"><p>[vc_row css=&#8221;.vc_custom_1503508821063{margin-top: 30px !important;}&#8221;][vc_column][vc_tta_tabs][vc_tta_section i_icon_fontawesome=&#8221;fa fa-question-circle-o&#8221; add_icon=&#8221;true&#8221; title=&#8221;En qu\u00e9 consiste&#8221; tab_id=&#8221;1502969252382-21b1f55a-b17a&#8221;][vc_column_text]<hr class=\"no_line\" style=\"margin: 0 auto 30px auto\"\/>\n<\/p>\n<p><span style=\"font-weight: 400;\">Ikastaro honetan ikasleak B2 eta C1 mailak egiaztatzeko proba ofizialetarako prestatzen dira.<\/span><\/p>\n<p><b>4 hilabeteko <\/b><span style=\"font-weight: 400;\">iraupena du (2022ko azaroaren 15etik 2023ko martxora).<\/span><\/p>\n<p><b>50 plaza<\/b><span style=\"font-weight: 400;\"> ditu B2 mailan eta beste <\/span><b>50 plaza <\/b><span style=\"font-weight: 400;\">C1 mailan.<\/span><\/p>\n<p><span style=\"font-weight: 400;\">Maila bakoitzean, <\/span><b>goizeko ordutegian<\/b><span style=\"font-weight: 400;\"> eta <\/span><b>arratsaldeko ordutegian<\/b><span style=\"font-weight: 400;\"> eskaintzen dira plazak.<\/span><\/p>\n<p><span style=\"font-weight: 400;\">Ikasleek, 5 laguneko taldeetan, <\/span><b>konferentzia bidezko 5 tutoretza<\/b><span style=\"font-weight: 400;\"> izaten ahalko dituzte guztira ikasturtean zehar. Halaber, ikasturtean zehar <\/span><b>10 idazlan<\/b><span style=\"font-weight: 400;\"> entregatu ahal izango ditu, tutore birtual batek zuzenduak. Matrikula egin ondoren, ikasle bakoitzari <\/span><b>talde bat eta bideokonferentzia bidezko tutoretzen behin betiko ordutegia<\/b><span style=\"font-weight: 400;\"> emanen zaio.<\/span><\/p>\n<p><b>Ziurtapen proba ofizialak<\/b><span style=\"font-weight: 400;\"> modu presentzialean eginen dira ikasturte amaieran. Datak Nafarroako Gobernuko Hezkuntza Departamentuak aldez aurretik jakinaraziko ditu eta ofizialki argitaratuko. <\/span>[\/vc_column_text][\/vc_tta_section][vc_tta_section i_icon_fontawesome=&#8221;fa fa-file-text-o&#8221; add_icon=&#8221;true&#8221; title=&#8221;Matriculaci\u00f3n&#8221; tab_id=&#8221;1502969331294-f3b85528-eff2&#8243;][vc_column_text]<hr class=\"no_line\" style=\"margin: 0 auto 10px auto\"\/>\n<\/p>\n<h5 class=\"generalesColor02\"><span style=\"color: #000000;\">PREINSCRIPCI\u00d3N Y PLAZOS<\/span><\/h5>\n<p class=\"generalesColor02\">El alumnado debe matricularse entre el 1 y el 15 de noviembre de 2024.\u00a0<strong><br \/>\n<\/strong><strong><a href=\"https:\/\/www.thatsenglish.com\/curso-exam-prep\">Consultar m\u00e1s informaci\u00f3n<\/a><\/strong><\/p>\n<p>&nbsp;<\/p>\n<h5 class=\"generalesColor04\"><span style=\"color: #000000;\">DEVOLUCI\u00d3N DE TASAS DE MATR\u00cdCULA Y DE CERTIFICADOS<\/span><\/h5>\n<p class=\"big\"><strong>PROCEDER\u00c1<\/strong> la devoluci\u00f3n del importe correspondiente en los siguientes casos:<\/p>\n<ul>\n<li>Cuando no se preste el servicio por motivos imputables al centro.<\/li>\n<li>Por duplicidad de pago o por pago en cuant\u00eda superior a la que corresponda.<\/li>\n<li>Si se abonan las tasas \u00edntegras y se ten\u00eda derecho a descuento (alumno antiguo, familia numerosa, etc.) y se presenta la documentaci\u00f3n acreditativa requerida antes del 15 de febrero del a\u00f1o en curso.<\/li>\n<li>Por cambio de residencia familiar y localidad por motivos laborales y\/o familiares de fuerza mayor.<\/li>\n<li>Error por incumplimiento de la normativa vigente en cuanto al curso o nivel de la matr\u00edcula.<\/li>\n<li>Error material en la cumplimentaci\u00f3n de la solicitud de t\u00edtulos.<\/li>\n<\/ul>\n<p class=\"big\"><strong>NO PROCEDER\u00c1<\/strong>\u00a0la devoluci\u00f3n del importe correspondiente en los siguientes casos:<\/p>\n<ul>\n<li>Cuando no se reciba el servicio por motivos imputables al alumnado.<\/li>\n<li>Por renuncia a la matr\u00edcula.<\/li>\n<li>Por matricularse en el mismo idioma en otra Escuela Oficial de Idiomas.<\/li>\n<li>Por no entregar toda la documentaci\u00f3n requerida para la subsanaci\u00f3n de posibles errores de matr\u00edcula antes del 15 de febrero del a\u00f1o en curso.<\/li>\n<\/ul>\n<div class=\"column one-third mobile-one\"><div class=\"mcb-column-inner\"><br \/>\n<hr class=\"no_line\" style=\"margin: 0 auto 1px auto\"\/>\n<br \/>\n<\/div><\/div>\n<br \/>\n<div class=\"column one-third mobile-one\"><div class=\"mcb-column-inner\"><\/p>\n<p><\/div><\/div>\n<br \/>\n<div class=\"column one-third mobile-one\"><div class=\"mcb-column-inner\"><br \/>\n<hr class=\"no_line\" style=\"margin: 0 auto 1px auto\"\/>\n<br \/>\n<\/div><\/div>\n[\/vc_column_text][\/vc_tta_section][\/vc_tta_tabs][\/vc_column][\/vc_row][vc_row][vc_column][vc_column_text]<\/p>\n<p>[\/vc_column_text][\/vc_column][\/vc_row][vc_row][vc_column][vc_column_text]<\/p>\n<p>[\/vc_column_text][\/vc_column][\/vc_row]<\/p>\n<\/div>","protected":false},"excerpt":{"rendered":"<p>[vc_row css=&#8221;.vc_custom_1503508821063{margin-top: 30px !important;}&#8221;][vc_column][vc_tta_tabs][vc_tta_section i_icon_fontawesome=&#8221;fa fa-question-circle-o&#8221; add_icon=&#8221;true&#8221; title=&#8221;En qu\u00e9 consiste&#8221; tab_id=&#8221;1502969252382-21b1f55a-b17a&#8221;][vc_column_text] Ikastaro honetan ikasleak B2 eta C1 mailak egiaztatzeko proba ofizialetarako prestatzen dira. 4 hilabeteko iraupena<span class=\"excerpt-hellip\"> [\u2026]<\/span><\/p>\n","protected":false},"author":2,"featured_media":0,"parent":3335,"menu_order":7,"comment_status":"closed","ping_status":"closed","template":"","meta":[],"yoast_head":"<!-- This site is optimized with the Yoast SEO plugin v19.13 - https:\/\/yoast.com\/wordpress\/plugins\/seo\/ -->\n<title>Exam prep online - EOIDNA<\/title>\n<meta name=\"robots\" content=\"index, follow, max-snippet:-1, max-image-preview:large, max-video-preview:-1\" \/>\n<link rel=\"canonical\" href=\"https:\/\/eoidna.educacion.navarra.es\/eu\/ingelesa\/exam-prep-online\/\" \/>\n<meta property=\"og:locale\" content=\"en_US\" \/>\n<meta property=\"og:type\" content=\"article\" \/>\n<meta property=\"og:title\" content=\"Exam prep online - EOIDNA\" \/>\n<meta property=\"og:description\" content=\"[vc_row css=&#8221;.vc_custom_1503508821063{margin-top: 30px !important;}&#8221;][vc_column][vc_tta_tabs][vc_tta_section i_icon_fontawesome=&#8221;fa fa-question-circle-o&#8221; add_icon=&#8221;true&#8221; title=&#8221;En qu\u00e9 consiste&#8221; tab_id=&#8221;1502969252382-21b1f55a-b17a&#8221;][vc_column_text] Ikastaro honetan ikasleak B2 eta C1 mailak egiaztatzeko proba ofizialetarako prestatzen dira. 4 hilabeteko iraupena [\u2026]\" \/>\n<meta property=\"og:url\" content=\"https:\/\/eoidna.educacion.navarra.es\/eu\/ingelesa\/exam-prep-online\/\" \/>\n<meta property=\"og:site_name\" content=\"EOIDNA\" \/>\n<meta property=\"article:modified_time\" content=\"2024-09-26T06:55:47+00:00\" \/>\n<meta name=\"twitter:card\" content=\"summary_large_image\" \/>\n<meta name=\"twitter:label1\" content=\"Est. reading time\" \/>\n\t<meta name=\"twitter:data1\" content=\"2 minutua\" \/>\n<script type=\"application\/ld+json\" class=\"yoast-schema-graph\">{\"@context\":\"https:\/\/schema.org\",\"@graph\":[{\"@type\":\"WebPage\",\"@id\":\"https:\/\/eoidna.educacion.navarra.es\/eu\/ingelesa\/exam-prep-online\/\",\"url\":\"https:\/\/eoidna.educacion.navarra.es\/eu\/ingelesa\/exam-prep-online\/\",\"name\":\"Exam prep online - EOIDNA\",\"isPartOf\":{\"@id\":\"https:\/\/eoidna.educacion.navarra.es\/#website\"},\"datePublished\":\"2017-08-14T12:29:18+00:00\",\"dateModified\":\"2024-09-26T06:55:47+00:00\",\"breadcrumb\":{\"@id\":\"https:\/\/eoidna.educacion.navarra.es\/eu\/ingelesa\/exam-prep-online\/#breadcrumb\"},\"inLanguage\":\"eu\",\"potentialAction\":[{\"@type\":\"ReadAction\",\"target\":[\"https:\/\/eoidna.educacion.navarra.es\/eu\/ingelesa\/exam-prep-online\/\"]}]},{\"@type\":\"BreadcrumbList\",\"@id\":\"https:\/\/eoidna.educacion.navarra.es\/eu\/ingelesa\/exam-prep-online\/#breadcrumb\",\"itemListElement\":[{\"@type\":\"ListItem\",\"position\":1,\"name\":\"Home\",\"item\":\"https:\/\/eoidna.educacion.navarra.es\/eu\/\"},{\"@type\":\"ListItem\",\"position\":2,\"name\":\"INGELESA\",\"item\":\"https:\/\/eoidna.educacion.navarra.es\/eu\/ingelesa\/\"},{\"@type\":\"ListItem\",\"position\":3,\"name\":\"Exam prep online\"}]},{\"@type\":\"WebSite\",\"@id\":\"https:\/\/eoidna.educacion.navarra.es\/#website\",\"url\":\"https:\/\/eoidna.educacion.navarra.es\/\",\"name\":\"EOIDNA\",\"description\":\"Escuela Oficial de Idiomas a Distancia de Navarra\",\"potentialAction\":[{\"@type\":\"SearchAction\",\"target\":{\"@type\":\"EntryPoint\",\"urlTemplate\":\"https:\/\/eoidna.educacion.navarra.es\/?s={search_term_string}\"},\"query-input\":\"required name=search_term_string\"}],\"inLanguage\":\"eu\"}]}<\/script>\n<!-- \/ Yoast SEO plugin. -->","yoast_head_json":{"title":"Exam prep online - EOIDNA","robots":{"index":"index","follow":"follow","max-snippet":"max-snippet:-1","max-image-preview":"max-image-preview:large","max-video-preview":"max-video-preview:-1"},"canonical":"https:\/\/eoidna.educacion.navarra.es\/eu\/ingelesa\/exam-prep-online\/","og_locale":"en_US","og_type":"article","og_title":"Exam prep online - EOIDNA","og_description":"[vc_row css=&#8221;.vc_custom_1503508821063{margin-top: 30px !important;}&#8221;][vc_column][vc_tta_tabs][vc_tta_section i_icon_fontawesome=&#8221;fa fa-question-circle-o&#8221; add_icon=&#8221;true&#8221; title=&#8221;En qu\u00e9 consiste&#8221; tab_id=&#8221;1502969252382-21b1f55a-b17a&#8221;][vc_column_text] Ikastaro honetan ikasleak B2 eta C1 mailak egiaztatzeko proba ofizialetarako prestatzen dira. 4 hilabeteko iraupena [\u2026]","og_url":"https:\/\/eoidna.educacion.navarra.es\/eu\/ingelesa\/exam-prep-online\/","og_site_name":"EOIDNA","article_modified_time":"2024-09-26T06:55:47+00:00","twitter_card":"summary_large_image","twitter_misc":{"Est. reading time":"2 minutua"},"schema":{"@context":"https:\/\/schema.org","@graph":[{"@type":"WebPage","@id":"https:\/\/eoidna.educacion.navarra.es\/eu\/ingelesa\/exam-prep-online\/","url":"https:\/\/eoidna.educacion.navarra.es\/eu\/ingelesa\/exam-prep-online\/","name":"Exam prep online - EOIDNA","isPartOf":{"@id":"https:\/\/eoidna.educacion.navarra.es\/#website"},"datePublished":"2017-08-14T12:29:18+00:00","dateModified":"2024-09-26T06:55:47+00:00","breadcrumb":{"@id":"https:\/\/eoidna.educacion.navarra.es\/eu\/ingelesa\/exam-prep-online\/#breadcrumb"},"inLanguage":"eu","potentialAction":[{"@type":"ReadAction","target":["https:\/\/eoidna.educacion.navarra.es\/eu\/ingelesa\/exam-prep-online\/"]}]},{"@type":"BreadcrumbList","@id":"https:\/\/eoidna.educacion.navarra.es\/eu\/ingelesa\/exam-prep-online\/#breadcrumb","itemListElement":[{"@type":"ListItem","position":1,"name":"Home","item":"https:\/\/eoidna.educacion.navarra.es\/eu\/"},{"@type":"ListItem","position":2,"name":"INGELESA","item":"https:\/\/eoidna.educacion.navarra.es\/eu\/ingelesa\/"},{"@type":"ListItem","position":3,"name":"Exam prep online"}]},{"@type":"WebSite","@id":"https:\/\/eoidna.educacion.navarra.es\/#website","url":"https:\/\/eoidna.educacion.navarra.es\/","name":"EOIDNA","description":"Escuela Oficial de Idiomas a Distancia de Navarra","potentialAction":[{"@type":"SearchAction","target":{"@type":"EntryPoint","urlTemplate":"https:\/\/eoidna.educacion.navarra.es\/?s={search_term_string}"},"query-input":"required name=search_term_string"}],"inLanguage":"eu"}]}},"_links":{"self":[{"href":"https:\/\/eoidna.educacion.navarra.es\/eu\/wp-json\/wp\/v2\/pages\/5777"}],"collection":[{"href":"https:\/\/eoidna.educacion.navarra.es\/eu\/wp-json\/wp\/v2\/pages"}],"about":[{"href":"https:\/\/eoidna.educacion.navarra.es\/eu\/wp-json\/wp\/v2\/types\/page"}],"author":[{"embeddable":true,"href":"https:\/\/eoidna.educacion.navarra.es\/eu\/wp-json\/wp\/v2\/users\/2"}],"replies":[{"embeddable":true,"href":"https:\/\/eoidna.educacion.navarra.es\/eu\/wp-json\/wp\/v2\/comments?post=5777"}],"version-history":[{"count":14,"href":"https:\/\/eoidna.educacion.navarra.es\/eu\/wp-json\/wp\/v2\/pages\/5777\/revisions"}],"predecessor-version":[{"id":10809,"href":"https:\/\/eoidna.educacion.navarra.es\/eu\/wp-json\/wp\/v2\/pages\/5777\/revisions\/10809"}],"up":[{"embeddable":true,"href":"https:\/\/eoidna.educacion.navarra.es\/eu\/wp-json\/wp\/v2\/pages\/3335"}],"wp:attachment":[{"href":"https:\/\/eoidna.educacion.navarra.es\/eu\/wp-json\/wp\/v2\/media?parent=5777"}],"curies":[{"name":"wp","href":"https:\/\/api.w.org\/{rel}","templated":true}]}}